{"id":987,"date":"2025-05-27T10:42:41","date_gmt":"2025-05-27T10:42:41","guid":{"rendered":"https:\/\/revoltclassics.com\/revolteisme\/"},"modified":"2025-11-05T09:54:33","modified_gmt":"2025-11-05T09:54:33","slug":"revolteisme","status":"publish","type":"page","link":"https:\/\/revoltclassics.com\/fr\/revolteisme\/","title":{"rendered":"Revolteisme"},"content":{"rendered":"<p>[et_pb_section fb_built=\u00a0\u00bb1&Prime; _builder_version=\u00a0\u00bb4.27.4&Prime; _module_preset=\u00a0\u00bbdefault\u00a0\u00bb background_color=\u00a0\u00bb#FBFAEC\u00a0\u00bb custom_padding=\u00a0\u00bb74px||74px|||\u00a0\u00bb global_colors_info=\u00a0\u00bb{}\u00a0\u00bb][et_pb_row use_custom_gutter=\u00a0\u00bbon\u00a0\u00bb _builder_version=\u00a0\u00bb4.27.4&Prime; _module_preset=\u00a0\u00bbdefault\u00a0\u00bb width=\u00a0\u00bb90%\u00a0\u00bb max_width=\u00a0\u00bb2560px\u00a0\u00bb custom_padding=\u00a0\u00bb0px||0px|||\u00a0\u00bb global_colors_info=\u00a0\u00bb{}\u00a0\u00bb][et_pb_column type=\u00a0\u00bb4_4&Prime; _builder_version=\u00a0\u00bb4.27.4&Prime; _module_preset=\u00a0\u00bbdefault\u00a0\u00bb global_colors_info=\u00a0\u00bb{}\u00a0\u00bb][et_pb_text _builder_version=\u00a0\u00bb4.27.4&Prime; _module_preset=\u00a0\u00bbdefault\u00a0\u00bb text_font=\u00a0\u00bbPoppins||||||||\u00a0\u00bb header_font=\u00a0\u00bbPoppins||||||||\u00a0\u00bb header_text_align=\u00a0\u00bbcenter\u00a0\u00bb header_text_color=\u00a0\u00bb#161649&Prime; header_font_size=\u00a0\u00bb60px\u00a0\u00bb width=\u00a0\u00bb80%\u00a0\u00bb module_alignment=\u00a0\u00bbcenter\u00a0\u00bb custom_margin=\u00a0\u00bb||8px||false|false\u00a0\u00bb animation_style=\u00a0\u00bbfade\u00a0\u00bb header_font_size_tablet=\u00a0\u00bb42px\u00a0\u00bb header_font_size_phone=\u00a0\u00bb32px\u00a0\u00bb header_font_size_last_edited=\u00a0\u00bbon|phone\u00a0\u00bb global_colors_info=\u00a0\u00bb{}\u00a0\u00bb]<\/p>\n<h1>Une r\u00e9volution en marche<\/h1>\n<p>[\/et_pb_text][et_pb_text _builder_version=\u00a0\u00bb4.27.4&Prime; _module_preset=\u00a0\u00bbdefault\u00a0\u00bb header_2_font=\u00a0\u00bbPoppins||||||||\u00a0\u00bb header_2_text_align=\u00a0\u00bbcenter\u00a0\u00bb header_2_text_color=\u00a0\u00bb#161649&Prime; header_2_font_size=\u00a0\u00bb42px\u00a0\u00bb animation_style=\u00a0\u00bbfade\u00a0\u00bb header_2_font_size_tablet=\u00a0\u00bb32px\u00a0\u00bb header_2_font_size_phone=\u00a0\u00bb22px\u00a0\u00bb header_2_font_size_last_edited=\u00a0\u00bbon|phone\u00a0\u00bb global_colors_info=\u00a0\u00bb{}\u00a0\u00bb]<\/p>\n<h2>Revolt Classics&nbsp;: le manifeste d&rsquo;une nouvelle \u00e8re<\/h2>\n<p>[\/et_pb_text][et_pb_image src=\u00a0\u00bbhttps:\/\/revoltclassics.com\/wp-content\/uploads\/2025\/10\/revolt-911-in-motion-Cogels-Osylei.jpg\u00a0\u00bb title_text=\u00a0\u00bbrevolt-911-in-motion-Cogels-Osylei\u00a0\u00bb show_in_lightbox=\u00a0\u00bbon\u00a0\u00bb _builder_version=\u00a0\u00bb4.27.4&Prime; _module_preset=\u00a0\u00bbdefault\u00a0\u00bb global_colors_info=\u00a0\u00bb{}\u00a0\u00bb][\/et_pb_image][et_pb_text _builder_version=\u00a0\u00bb4.27.4&Prime; _module_preset=\u00a0\u00bbdefault\u00a0\u00bb text_font=\u00a0\u00bbNoto Serif Display||||||||\u00a0\u00bb text_text_color=\u00a0\u00bb#000000&Prime; text_font_size=\u00a0\u00bb18px\u00a0\u00bb text_orientation=\u00a0\u00bbcenter\u00a0\u00bb width=\u00a0\u00bb60%\u00a0\u00bb width_tablet=\u00a0\u00bb95%\u00a0\u00bb width_phone=\u00a0\u00bb95%\u00a0\u00bb width_last_edited=\u00a0\u00bbon|tablet\u00a0\u00bb module_alignment=\u00a0\u00bbcenter\u00a0\u00bb animation_style=\u00a0\u00bbfade\u00a0\u00bb global_colors_info=\u00a0\u00bb{}\u00a0\u00bb width__hover_enabled=\u00a0\u00bbon|desktop\u00a0\u00bb width__hover=\u00a0\u00bb60%\u00a0\u00bb]<\/p>\n<p>Chez Revolt Classics, nous ne construisons pas seulement des voitures. Nous lan\u00e7ons un mouvement qui r\u00e9imagine le pass\u00e9, embrasse l&rsquo;avenir et red\u00e9finit ce que signifie conduire. Nos cr\u00e9ations ne sont pas de simples machines&nbsp;: ce sont des expressions de passion, de savoir-faire et d&rsquo;innovation.  <\/p>\n<p>[\/et_pb_text][\/et_pb_column][\/et_pb_row][\/et_pb_section][et_pb_section fb_built=\u00a0\u00bb1&Prime; _builder_version=\u00a0\u00bb4.27.4&Prime; _module_preset=\u00a0\u00bbdefault\u00a0\u00bb global_colors_info=\u00a0\u00bb{}\u00a0\u00bb][et_pb_row _builder_version=\u00a0\u00bb4.27.4&Prime; _module_preset=\u00a0\u00bbdefault\u00a0\u00bb max_width=\u00a0\u00bb2560px\u00a0\u00bb custom_padding=\u00a0\u00bb0px||0px|||\u00a0\u00bb global_colors_info=\u00a0\u00bb{}\u00a0\u00bb][et_pb_column type=\u00a0\u00bb4_4&Prime; _builder_version=\u00a0\u00bb4.27.4&Prime; _module_preset=\u00a0\u00bbdefault\u00a0\u00bb global_colors_info=\u00a0\u00bb{}\u00a0\u00bb][et_pb_text _builder_version=\u00a0\u00bb4.27.4&Prime; _module_preset=\u00a0\u00bbdefault\u00a0\u00bb text_font=\u00a0\u00bbPoppins||||||||\u00a0\u00bb header_font=\u00a0\u00bbPoppins||||||||\u00a0\u00bb header_text_color=\u00a0\u00bb#112617&Prime; header_font_size=\u00a0\u00bb72px\u00a0\u00bb header_2_font=\u00a0\u00bbPoppins||||||||\u00a0\u00bb header_2_text_align=\u00a0\u00bbcenter\u00a0\u00bb header_2_text_color=\u00a0\u00bb#161649&Prime; header_2_font_size=\u00a0\u00bb60px\u00a0\u00bb custom_margin=\u00a0\u00bb||0px||false|false\u00a0\u00bb animation_style=\u00a0\u00bbfade\u00a0\u00bb header_2_font_size_tablet=\u00a0\u00bb42px\u00a0\u00bb header_2_font_size_phone=\u00a0\u00bb32px\u00a0\u00bb header_2_font_size_last_edited=\u00a0\u00bbon|phone\u00a0\u00bb global_colors_info=\u00a0\u00bb{}\u00a0\u00bb]<\/p>\n<h2>L&rsquo;essence du revolteisme<\/h2>\n<p>[\/et_pb_text][et_pb_text _builder_version=\u00a0\u00bb4.27.4&Prime; _module_preset=\u00a0\u00bbdefault\u00a0\u00bb text_font=\u00a0\u00bbNoto Serif Display||||||||\u00a0\u00bb text_text_color=\u00a0\u00bb#000000&Prime; text_font_size=\u00a0\u00bb18px\u00a0\u00bb text_orientation=\u00a0\u00bbcenter\u00a0\u00bb width=\u00a0\u00bb60%\u00a0\u00bb width_tablet=\u00a0\u00bb95%\u00a0\u00bb width_phone=\u00a0\u00bb95%\u00a0\u00bb width_last_edited=\u00a0\u00bbon|phone\u00a0\u00bb module_alignment=\u00a0\u00bbcenter\u00a0\u00bb animation_style=\u00a0\u00bbfade\u00a0\u00bb global_colors_info=\u00a0\u00bb{}\u00a0\u00bb]<\/p>\n<p>Le revolteisme est un mode de vie. Il s&rsquo;adresse \u00e0 ceux qui osent d\u00e9fier les conventions, qui recherchent la beaut\u00e9 dans l&rsquo;artisanat et qui privil\u00e9gient l&rsquo;authenticit\u00e9 au conformisme. Il s&rsquo;adresse aux visionnaires, aux pionniers et, surtout, \u00e0 ceux qui croient que le vrai luxe r\u00e9side dans l&rsquo;individualit\u00e9 et le but.  <\/p>\n<p>[\/et_pb_text][\/et_pb_column][\/et_pb_row][et_pb_row _builder_version=\u00a0\u00bb4.27.4&Prime; _module_preset=\u00a0\u00bbdefault\u00a0\u00bb width=\u00a0\u00bb90%\u00a0\u00bb max_width=\u00a0\u00bb2560px\u00a0\u00bb custom_padding=\u00a0\u00bb||0px|||\u00a0\u00bb global_colors_info=\u00a0\u00bb{}\u00a0\u00bb][et_pb_column type=\u00a0\u00bb4_4&Prime; _builder_version=\u00a0\u00bb4.27.4&Prime; _module_preset=\u00a0\u00bbdefault\u00a0\u00bb global_colors_info=\u00a0\u00bb{}\u00a0\u00bb][dica_divi_carousel show_items_desktop=\u00a0\u00bb3&Prime; show_items_tablet=\u00a0\u00bb2&Prime; show_items_mobile=\u00a0\u00bb2&Prime; loop=\u00a0\u00bbon\u00a0\u00bb autoplay=\u00a0\u00bbon\u00a0\u00bb hoverpause=\u00a0\u00bbon\u00a0\u00bb scroller_effect=\u00a0\u00bbon\u00a0\u00bb overlay_color_field_bgcolor=\u00a0\u00bbrgba(255,255,255,0.85)\u00a0\u00bb _builder_version=\u00a0\u00bb4.27.4&Prime; _module_preset=\u00a0\u00bbdefault\u00a0\u00bb global_colors_info=\u00a0\u00bb{}\u00a0\u00bb][dica_divi_carouselitem button_url_new_window=\u00a0\u00bb1&Prime; image=\u00a0\u00bbhttps:\/\/revoltclassics.com\/wp-content\/uploads\/2025\/10\/green-and-white-911-electric-porsche.jpg\u00a0\u00bb image_lightbox=\u00a0\u00bbon\u00a0\u00bb _builder_version=\u00a0\u00bb4.27.4&Prime; _module_preset=\u00a0\u00bbdefault\u00a0\u00bb global_colors_info=\u00a0\u00bb{}\u00a0\u00bb][\/dica_divi_carouselitem][dica_divi_carouselitem button_url_new_window=\u00a0\u00bb1&Prime; image=\u00a0\u00bbhttps:\/\/revoltclassics.com\/wp-content\/uploads\/2025\/10\/green-911-electric-under-tree.jpg\u00a0\u00bb image_lightbox=\u00a0\u00bbon\u00a0\u00bb _builder_version=\u00a0\u00bb4.27.4&Prime; _module_preset=\u00a0\u00bbdefault\u00a0\u00bb global_colors_info=\u00a0\u00bb{}\u00a0\u00bb][\/dica_divi_carouselitem][dica_divi_carouselitem button_url_new_window=\u00a0\u00bb1&Prime; image=\u00a0\u00bbhttps:\/\/revoltclassics.com\/wp-content\/uploads\/2025\/10\/white-911-electric-shadows.jpg\u00a0\u00bb image_lightbox=\u00a0\u00bbon\u00a0\u00bb _builder_version=\u00a0\u00bb4.27.4&Prime; _module_preset=\u00a0\u00bbdefault\u00a0\u00bb global_colors_info=\u00a0\u00bb{}\u00a0\u00bb][\/dica_divi_carouselitem][dica_divi_carouselitem button_url_new_window=\u00a0\u00bb1&Prime; image=\u00a0\u00bbhttps:\/\/revoltclassics.com\/wp-content\/uploads\/2025\/10\/white-911-electric-park.jpg\u00a0\u00bb image_lightbox=\u00a0\u00bbon\u00a0\u00bb _builder_version=\u00a0\u00bb4.27.4&Prime; _module_preset=\u00a0\u00bbdefault\u00a0\u00bb global_colors_info=\u00a0\u00bb{}\u00a0\u00bb][\/dica_divi_carouselitem][dica_divi_carouselitem button_url_new_window=\u00a0\u00bb1&Prime; image=\u00a0\u00bbhttps:\/\/revoltclassics.com\/wp-content\/uploads\/2025\/10\/911-electric-garage.jpg\u00a0\u00bb image_lightbox=\u00a0\u00bbon\u00a0\u00bb _builder_version=\u00a0\u00bb4.27.4&Prime; _module_preset=\u00a0\u00bbdefault\u00a0\u00bb global_colors_info=\u00a0\u00bb{}\u00a0\u00bb][\/dica_divi_carouselitem][dica_divi_carouselitem button_url_new_window=\u00a0\u00bb1&Prime; image=\u00a0\u00bbhttps:\/\/revoltclassics.com\/wp-content\/uploads\/2025\/10\/porsche-electric-door-bag.jpg\u00a0\u00bb image_lightbox=\u00a0\u00bbon\u00a0\u00bb _builder_version=\u00a0\u00bb4.27.4&Prime; _module_preset=\u00a0\u00bbdefault\u00a0\u00bb global_colors_info=\u00a0\u00bb{}\u00a0\u00bb][\/dica_divi_carouselitem][\/dica_divi_carousel][\/et_pb_column][\/et_pb_row][\/et_pb_section][et_pb_section fb_built=\u00a0\u00bb1&Prime; _builder_version=\u00a0\u00bb4.27.4&Prime; _module_preset=\u00a0\u00bbdefault\u00a0\u00bb background_color=\u00a0\u00bb#acbba2&Prime; custom_padding=\u00a0\u00bb74px||74px|||\u00a0\u00bb global_colors_info=\u00a0\u00bb{}\u00a0\u00bb][et_pb_row _builder_version=\u00a0\u00bb4.27.4&Prime; _module_preset=\u00a0\u00bbdefault\u00a0\u00bb max_width=\u00a0\u00bb2560px\u00a0\u00bb custom_padding=\u00a0\u00bb0px||0px|||\u00a0\u00bb global_colors_info=\u00a0\u00bb{}\u00a0\u00bb][et_pb_column type=\u00a0\u00bb4_4&Prime; _builder_version=\u00a0\u00bb4.27.4&Prime; _module_preset=\u00a0\u00bbdefault\u00a0\u00bb global_colors_info=\u00a0\u00bb{}\u00a0\u00bb][et_pb_text _builder_version=\u00a0\u00bb4.27.4&Prime; _module_preset=\u00a0\u00bbdefault\u00a0\u00bb text_font=\u00a0\u00bbPoppins||||||||\u00a0\u00bb header_font=\u00a0\u00bbPoppins||||||||\u00a0\u00bb header_text_color=\u00a0\u00bb#112617&Prime; header_font_size=\u00a0\u00bb72px\u00a0\u00bb header_2_font=\u00a0\u00bbPoppins||||||||\u00a0\u00bb header_2_text_align=\u00a0\u00bbcenter\u00a0\u00bb header_2_text_color=\u00a0\u00bb#161649&Prime; header_2_font_size=\u00a0\u00bb60px\u00a0\u00bb custom_margin=\u00a0\u00bb||0px||false|false\u00a0\u00bb animation_style=\u00a0\u00bbfade\u00a0\u00bb header_2_font_size_tablet=\u00a0\u00bb42px\u00a0\u00bb header_2_font_size_phone=\u00a0\u00bb32px\u00a0\u00bb header_2_font_size_last_edited=\u00a0\u00bbon|phone\u00a0\u00bb global_colors_info=\u00a0\u00bb{}\u00a0\u00bb]<\/p>\n<h2>Une culture d&rsquo;excellence<\/h2>\n<p>[\/et_pb_text][et_pb_text _builder_version=\u00a0\u00bb4.27.4&Prime; _module_preset=\u00a0\u00bbdefault\u00a0\u00bb text_font=\u00a0\u00bbNoto Serif Display||||||||\u00a0\u00bb text_text_color=\u00a0\u00bb#000000&Prime; text_font_size=\u00a0\u00bb18px\u00a0\u00bb text_orientation=\u00a0\u00bbcenter\u00a0\u00bb width=\u00a0\u00bb60%\u00a0\u00bb width_tablet=\u00a0\u00bb95%\u00a0\u00bb width_phone=\u00a0\u00bb95%\u00a0\u00bb width_last_edited=\u00a0\u00bbon|tablet\u00a0\u00bb module_alignment=\u00a0\u00bbcenter\u00a0\u00bb animation_style=\u00a0\u00bbfade\u00a0\u00bb global_colors_info=\u00a0\u00bb{}\u00a0\u00bb]<\/p>\n<p>Revolt Classics repose sur une base d&rsquo;excellence. Notre \u00e9quipe est un collectif de sp\u00e9cialistes, d&rsquo;ing\u00e9nieurs et de designers qui partagent un engagement envers la perfection. Nous ne suivons pas les tendances&nbsp;: nous les cr\u00e9ons. Nous ne produisons pas en masse&nbsp;: nous cr\u00e9ons l&rsquo;individualit\u00e9. Nous ne nous contentons pas de changer de vitesse&nbsp;: nous cr\u00e9ons des h\u00e9ritages.    <\/p>\n<p>[\/et_pb_text][\/et_pb_column][\/et_pb_row][\/et_pb_section][et_pb_section fb_built=\u00a0\u00bb1&Prime; _builder_version=\u00a0\u00bb4.27.4&Prime; _module_preset=\u00a0\u00bbdefault\u00a0\u00bb background_color=\u00a0\u00bb#dfdac3&Prime; background_video_mp4=\u00a0\u00bbhttps:\/\/revoltclassics.com\/wp-content\/uploads\/2025\/05\/Untitled.mp4&Prime; background_pattern_horizontal_offset=\u00a0\u00bb10%\u00a0\u00bb background_pattern_vertical_offset=\u00a0\u00bb85%\u00a0\u00bb background_pattern_repeat=\u00a0\u00bbrepeat-x\u00a0\u00bb custom_padding=\u00a0\u00bb74px||74px||true|\u00a0\u00bb global_colors_info=\u00a0\u00bb{}\u00a0\u00bb][et_pb_row _builder_version=\u00a0\u00bb4.27.4&Prime; _module_preset=\u00a0\u00bbdefault\u00a0\u00bb custom_padding=\u00a0\u00bb0px||0px|||\u00a0\u00bb global_colors_info=\u00a0\u00bb{}\u00a0\u00bb][et_pb_column type=\u00a0\u00bb4_4&Prime; _builder_version=\u00a0\u00bb4.27.4&Prime; _module_preset=\u00a0\u00bbdefault\u00a0\u00bb global_colors_info=\u00a0\u00bb{}\u00a0\u00bb][et_pb_text _builder_version=\u00a0\u00bb4.27.4&Prime; _module_preset=\u00a0\u00bbdefault\u00a0\u00bb text_font=\u00a0\u00bbPoppins|700|||||||\u00a0\u00bb header_2_font=\u00a0\u00bbPoppins||||||||\u00a0\u00bb header_2_text_align=\u00a0\u00bbcenter\u00a0\u00bb header_2_text_color=\u00a0\u00bb#dfdac3&Prime; header_2_font_size=\u00a0\u00bb60px\u00a0\u00bb custom_margin=\u00a0\u00bb||0px||false|false\u00a0\u00bb animation_style=\u00a0\u00bbfade\u00a0\u00bb header_2_font_size_tablet=\u00a0\u00bb42px\u00a0\u00bb header_2_font_size_phone=\u00a0\u00bb32px\u00a0\u00bb header_2_font_size_last_edited=\u00a0\u00bbon|phone\u00a0\u00bb global_colors_info=\u00a0\u00bb{}\u00a0\u00bb]<\/p>\n<h2>Rejoignez la r\u00e9volution<\/h2>\n<p>[\/et_pb_text][et_pb_text _builder_version=\u00a0\u00bb4.27.4&Prime; _module_preset=\u00a0\u00bbdefault\u00a0\u00bb text_font=\u00a0\u00bbNoto Serif Display||||||||\u00a0\u00bb text_text_color=\u00a0\u00bb#FFFFFF\u00a0\u00bb text_font_size=\u00a0\u00bb18px\u00a0\u00bb text_orientation=\u00a0\u00bbcenter\u00a0\u00bb width=\u00a0\u00bb60%\u00a0\u00bb width_tablet=\u00a0\u00bb95%\u00a0\u00bb width_phone=\u00a0\u00bb95%\u00a0\u00bb width_last_edited=\u00a0\u00bbon|phone\u00a0\u00bb module_alignment=\u00a0\u00bbcenter\u00a0\u00bb animation_style=\u00a0\u00bbfade\u00a0\u00bb global_colors_info=\u00a0\u00bb{}\u00a0\u00bb]<\/p>\n<p>Poss\u00e9der une voiture Revolt Classics, c&rsquo;est plus que simplement poss\u00e9der une voiture. C&rsquo;est adopter un style de vie. C&rsquo;est s&rsquo;aligner sur une marque qui valorise l&rsquo;h\u00e9ritage, l&rsquo;innovation et l&rsquo;individualit\u00e9. C&rsquo;est faire partie d&rsquo;une communaut\u00e9 qui c\u00e9l\u00e8bre l&rsquo;artisanat, remet en question les normes et stimule le changement.   <\/p>\n<p>[\/et_pb_text][et_pb_text _builder_version=\u00a0\u00bb4.27.4&Prime; _dynamic_attributes=\u00a0\u00bblink_option_url\u00a0\u00bb _module_preset=\u00a0\u00bbdefault\u00a0\u00bb text_font=\u00a0\u00bbPoppins||||||||\u00a0\u00bb text_text_color=\u00a0\u00bb#FFFFFF\u00a0\u00bb text_font_size=\u00a0\u00bb16px\u00a0\u00bb background_color=\u00a0\u00bb#2c2d41&Prime; text_orientation=\u00a0\u00bbcenter\u00a0\u00bb width=\u00a0\u00bb30%\u00a0\u00bb width_tablet=\u00a0\u00bb70%\u00a0\u00bb width_phone=\u00a0\u00bb95%\u00a0\u00bb width_last_edited=\u00a0\u00bbon|phone\u00a0\u00bb module_alignment=\u00a0\u00bbcenter\u00a0\u00bb custom_padding=\u00a0\u00bb10px||10px||true|false\u00a0\u00bb link_option_url=\u00a0\u00bb@ET-DC@eyJkeW5hbWljIjp0cnVlLCJjb250ZW50IjoicG9zdF9saW5rX3VybF9wYWdlIiwic2V0dGluZ3MiOnsicG9zdF9pZCI6IjE4NSJ9fQ==@\u00a0\u00bb hover_enabled=\u00a0\u00bb0&Prime; border_radii=\u00a0\u00bboff||180px||\u00a0\u00bb global_colors_info=\u00a0\u00bb{}\u00a0\u00bb background_color__hover=\u00a0\u00bb#03030a\u00a0\u00bb background__hover_enabled=\u00a0\u00bbon|desktop\u00a0\u00bb background_enable_color__hover=\u00a0\u00bbon\u00a0\u00bb sticky_enabled=\u00a0\u00bb0&Prime;]<\/p>\n<p>Adoptez le mode de vie revolteisme<\/p>\n<p>[\/et_pb_text][\/et_pb_column][\/et_pb_row][\/et_pb_section]<\/p>\n","protected":false},"excerpt":{"rendered":"<p>Une r\u00e9volution en marcheRevolt Classics&nbsp;: le manifeste d&rsquo;une nouvelle \u00e8reChez Revolt Classics, nous ne construisons pas seulement des voitures. Nous lan\u00e7ons un mouvement qui r\u00e9imagine le pass\u00e9, embrasse l&rsquo;avenir et red\u00e9finit ce que signifie conduire. Nos cr\u00e9ations ne sont pas de simples machines&nbsp;: ce sont des expressions de passion, de savoir-faire et d&rsquo;innovation. L&rsquo;essence du [&hellip;]<\/p>\n","protected":false},"author":1,"featured_media":0,"parent":0,"menu_order":0,"comment_status":"closed","ping_status":"closed","template":"","meta":{"_et_pb_use_builder":"on","_et_pb_old_content":"","_et_gb_content_width":"","footnotes":""},"class_list":["post-987","page","type-page","status-publish","hentry"],"yoast_head":"<!-- This site is optimized with the Yoast SEO plugin v27.3 - https:\/\/yoast.com\/product\/yoast-seo-wordpress\/ -->\n<title>Revolteisme \u2013 le manifeste d&#039;une nouvelle \u00e8re de conduite<\/title>\n<meta name=\"description\" content=\"Revolteisme\u00a0: un manifeste qui red\u00e9finit la conduite. Adoptez l&#039;artisanat, la passion et l&#039;authenticit\u00e9 dans un mouvement qui d\u00e9passe la simple voiture.\" \/>\n<meta name=\"robots\" content=\"index, follow, max-snippet:-1, max-image-preview:large, max-video-preview:-1\" \/>\n<link rel=\"canonical\" href=\"https:\/\/revoltclassics.com\/fr\/revolteisme\/\" \/>\n<meta property=\"og:locale\" content=\"fr_FR\" \/>\n<meta property=\"og:type\" content=\"article\" \/>\n<meta property=\"og:title\" content=\"Revolteisme \u2013 le manifeste d&#039;une nouvelle \u00e8re de conduite\" \/>\n<meta property=\"og:description\" content=\"Revolteisme\u00a0: un manifeste qui red\u00e9finit la conduite. Adoptez l&#039;artisanat, la passion et l&#039;authenticit\u00e9 dans un mouvement qui d\u00e9passe la simple voiture.\" \/>\n<meta property=\"og:url\" content=\"https:\/\/revoltclassics.com\/fr\/revolteisme\/\" \/>\n<meta property=\"og:site_name\" content=\"Revolt Classics\" \/>\n<meta property=\"article:modified_time\" content=\"2025-11-05T09:54:33+00:00\" \/>\n<meta property=\"og:image\" content=\"https:\/\/revoltclassics.com\/wp-content\/uploads\/2025\/09\/porsche-reborn-911-street-1024x560.jpg\" \/>\n\t<meta property=\"og:image:width\" content=\"1024\" \/>\n\t<meta property=\"og:image:height\" content=\"560\" \/>\n\t<meta property=\"og:image:type\" content=\"image\/jpeg\" \/>\n<meta name=\"twitter:card\" content=\"summary_large_image\" \/>\n<meta name=\"twitter:label1\" content=\"Dur\u00e9e de lecture estim\u00e9e\" \/>\n\t<meta name=\"twitter:data1\" content=\"7 minutes\" \/>\n<script type=\"application\/ld+json\" class=\"yoast-schema-graph\">{\"@context\":\"https:\\\/\\\/schema.org\",\"@graph\":[{\"@type\":\"WebPage\",\"@id\":\"https:\\\/\\\/revoltclassics.com\\\/fr\\\/revolteisme\\\/\",\"url\":\"https:\\\/\\\/revoltclassics.com\\\/fr\\\/revolteisme\\\/\",\"name\":\"Revolteisme \u2013 le manifeste d'une nouvelle \u00e8re de conduite\",\"isPartOf\":{\"@id\":\"https:\\\/\\\/revoltclassics.com\\\/fr\\\/#website\"},\"datePublished\":\"2025-05-27T10:42:41+00:00\",\"dateModified\":\"2025-11-05T09:54:33+00:00\",\"description\":\"Revolteisme\u00a0: un manifeste qui red\u00e9finit la conduite. Adoptez l'artisanat, la passion et l'authenticit\u00e9 dans un mouvement qui d\u00e9passe la simple voiture.\",\"breadcrumb\":{\"@id\":\"https:\\\/\\\/revoltclassics.com\\\/fr\\\/revolteisme\\\/#breadcrumb\"},\"inLanguage\":\"fr-FR\",\"potentialAction\":[{\"@type\":\"ReadAction\",\"target\":[\"https:\\\/\\\/revoltclassics.com\\\/fr\\\/revolteisme\\\/\"]}]},{\"@type\":\"BreadcrumbList\",\"@id\":\"https:\\\/\\\/revoltclassics.com\\\/fr\\\/revolteisme\\\/#breadcrumb\",\"itemListElement\":[{\"@type\":\"ListItem\",\"position\":1,\"name\":\"Home\",\"item\":\"https:\\\/\\\/revoltclassics.com\\\/fr\\\/page-daccueil\\\/\"},{\"@type\":\"ListItem\",\"position\":2,\"name\":\"Revolteisme\"}]},{\"@type\":\"WebSite\",\"@id\":\"https:\\\/\\\/revoltclassics.com\\\/fr\\\/#website\",\"url\":\"https:\\\/\\\/revoltclassics.com\\\/fr\\\/\",\"name\":\"Revolt Classics\",\"description\":\"A new icon is born.\",\"publisher\":{\"@id\":\"https:\\\/\\\/revoltclassics.com\\\/fr\\\/#organization\"},\"potentialAction\":[{\"@type\":\"SearchAction\",\"target\":{\"@type\":\"EntryPoint\",\"urlTemplate\":\"https:\\\/\\\/revoltclassics.com\\\/fr\\\/?s={search_term_string}\"},\"query-input\":{\"@type\":\"PropertyValueSpecification\",\"valueRequired\":true,\"valueName\":\"search_term_string\"}}],\"inLanguage\":\"fr-FR\"},{\"@type\":\"Organization\",\"@id\":\"https:\\\/\\\/revoltclassics.com\\\/fr\\\/#organization\",\"name\":\"Revolt Classics\",\"url\":\"https:\\\/\\\/revoltclassics.com\\\/fr\\\/\",\"logo\":{\"@type\":\"ImageObject\",\"inLanguage\":\"fr-FR\",\"@id\":\"https:\\\/\\\/revoltclassics.com\\\/fr\\\/#\\\/schema\\\/logo\\\/image\\\/\",\"url\":\"https:\\\/\\\/revoltclassics.com\\\/wp-content\\\/uploads\\\/2025\\\/05\\\/REVOLT-logo-1.png\",\"contentUrl\":\"https:\\\/\\\/revoltclassics.com\\\/wp-content\\\/uploads\\\/2025\\\/05\\\/REVOLT-logo-1.png\",\"width\":615,\"height\":597,\"caption\":\"Revolt Classics\"},\"image\":{\"@id\":\"https:\\\/\\\/revoltclassics.com\\\/fr\\\/#\\\/schema\\\/logo\\\/image\\\/\"},\"sameAs\":[\"https:\\\/\\\/www.instagram.com\\\/revolt_classics\\\/\",\"https:\\\/\\\/www.linkedin.com\\\/company\\\/revolt-classics\"]}]}<\/script>\n<!-- \/ Yoast SEO plugin. -->","yoast_head_json":{"title":"Revolteisme \u2013 le manifeste d'une nouvelle \u00e8re de conduite","description":"Revolteisme\u00a0: un manifeste qui red\u00e9finit la conduite. Adoptez l'artisanat, la passion et l'authenticit\u00e9 dans un mouvement qui d\u00e9passe la simple voiture.","robots":{"index":"index","follow":"follow","max-snippet":"max-snippet:-1","max-image-preview":"max-image-preview:large","max-video-preview":"max-video-preview:-1"},"canonical":"https:\/\/revoltclassics.com\/fr\/revolteisme\/","og_locale":"fr_FR","og_type":"article","og_title":"Revolteisme \u2013 le manifeste d'une nouvelle \u00e8re de conduite","og_description":"Revolteisme\u00a0: un manifeste qui red\u00e9finit la conduite. Adoptez l'artisanat, la passion et l'authenticit\u00e9 dans un mouvement qui d\u00e9passe la simple voiture.","og_url":"https:\/\/revoltclassics.com\/fr\/revolteisme\/","og_site_name":"Revolt Classics","article_modified_time":"2025-11-05T09:54:33+00:00","og_image":[{"width":1024,"height":560,"url":"https:\/\/revoltclassics.com\/wp-content\/uploads\/2025\/09\/porsche-reborn-911-street-1024x560.jpg","type":"image\/jpeg"}],"twitter_card":"summary_large_image","twitter_misc":{"Dur\u00e9e de lecture estim\u00e9e":"7 minutes"},"schema":{"@context":"https:\/\/schema.org","@graph":[{"@type":"WebPage","@id":"https:\/\/revoltclassics.com\/fr\/revolteisme\/","url":"https:\/\/revoltclassics.com\/fr\/revolteisme\/","name":"Revolteisme \u2013 le manifeste d'une nouvelle \u00e8re de conduite","isPartOf":{"@id":"https:\/\/revoltclassics.com\/fr\/#website"},"datePublished":"2025-05-27T10:42:41+00:00","dateModified":"2025-11-05T09:54:33+00:00","description":"Revolteisme\u00a0: un manifeste qui red\u00e9finit la conduite. Adoptez l'artisanat, la passion et l'authenticit\u00e9 dans un mouvement qui d\u00e9passe la simple voiture.","breadcrumb":{"@id":"https:\/\/revoltclassics.com\/fr\/revolteisme\/#breadcrumb"},"inLanguage":"fr-FR","potentialAction":[{"@type":"ReadAction","target":["https:\/\/revoltclassics.com\/fr\/revolteisme\/"]}]},{"@type":"BreadcrumbList","@id":"https:\/\/revoltclassics.com\/fr\/revolteisme\/#breadcrumb","itemListElement":[{"@type":"ListItem","position":1,"name":"Home","item":"https:\/\/revoltclassics.com\/fr\/page-daccueil\/"},{"@type":"ListItem","position":2,"name":"Revolteisme"}]},{"@type":"WebSite","@id":"https:\/\/revoltclassics.com\/fr\/#website","url":"https:\/\/revoltclassics.com\/fr\/","name":"Revolt Classics","description":"A new icon is born.","publisher":{"@id":"https:\/\/revoltclassics.com\/fr\/#organization"},"potentialAction":[{"@type":"SearchAction","target":{"@type":"EntryPoint","urlTemplate":"https:\/\/revoltclassics.com\/fr\/?s={search_term_string}"},"query-input":{"@type":"PropertyValueSpecification","valueRequired":true,"valueName":"search_term_string"}}],"inLanguage":"fr-FR"},{"@type":"Organization","@id":"https:\/\/revoltclassics.com\/fr\/#organization","name":"Revolt Classics","url":"https:\/\/revoltclassics.com\/fr\/","logo":{"@type":"ImageObject","inLanguage":"fr-FR","@id":"https:\/\/revoltclassics.com\/fr\/#\/schema\/logo\/image\/","url":"https:\/\/revoltclassics.com\/wp-content\/uploads\/2025\/05\/REVOLT-logo-1.png","contentUrl":"https:\/\/revoltclassics.com\/wp-content\/uploads\/2025\/05\/REVOLT-logo-1.png","width":615,"height":597,"caption":"Revolt Classics"},"image":{"@id":"https:\/\/revoltclassics.com\/fr\/#\/schema\/logo\/image\/"},"sameAs":["https:\/\/www.instagram.com\/revolt_classics\/","https:\/\/www.linkedin.com\/company\/revolt-classics"]}]}},"_links":{"self":[{"href":"https:\/\/revoltclassics.com\/fr\/wp-json\/wp\/v2\/pages\/987","targetHints":{"allow":["GET"]}}],"collection":[{"href":"https:\/\/revoltclassics.com\/fr\/wp-json\/wp\/v2\/pages"}],"about":[{"href":"https:\/\/revoltclassics.com\/fr\/wp-json\/wp\/v2\/types\/page"}],"author":[{"embeddable":true,"href":"https:\/\/revoltclassics.com\/fr\/wp-json\/wp\/v2\/users\/1"}],"replies":[{"embeddable":true,"href":"https:\/\/revoltclassics.com\/fr\/wp-json\/wp\/v2\/comments?post=987"}],"version-history":[{"count":9,"href":"https:\/\/revoltclassics.com\/fr\/wp-json\/wp\/v2\/pages\/987\/revisions"}],"predecessor-version":[{"id":1138,"href":"https:\/\/revoltclassics.com\/fr\/wp-json\/wp\/v2\/pages\/987\/revisions\/1138"}],"wp:attachment":[{"href":"https:\/\/revoltclassics.com\/fr\/wp-json\/wp\/v2\/media?parent=987"}],"curies":[{"name":"wp","href":"https:\/\/api.w.org\/{rel}","templated":true}]}}