{"id":1546,"date":"2026-03-11T09:41:34","date_gmt":"2026-03-11T09:41:34","guid":{"rendered":"https:\/\/revoltclassics.com\/contact\/merci-pour-votre-message\/"},"modified":"2026-03-11T09:49:13","modified_gmt":"2026-03-11T09:49:13","slug":"merci-pour-votre-message","status":"publish","type":"page","link":"https:\/\/revoltclassics.com\/fr\/contact\/merci-pour-votre-message\/","title":{"rendered":"Merci pour votre message<br>"},"content":{"rendered":"<p>[et_pb_section fb_built=\u00a0\u00bb1&Prime; _builder_version=\u00a0\u00bb4.27.4&Prime; _module_preset=\u00a0\u00bbdefault\u00a0\u00bb background_color=\u00a0\u00bb#FBFAEC\u00a0\u00bb custom_padding=\u00a0\u00bb74px||74px|||\u00a0\u00bb global_colors_info=\u00a0\u00bb{}\u00a0\u00bb theme_builder_area=\u00a0\u00bbpost_content\u00a0\u00bb][et_pb_row use_custom_gutter=\u00a0\u00bbon\u00a0\u00bb _builder_version=\u00a0\u00bb4.27.4&Prime; _module_preset=\u00a0\u00bbdefault\u00a0\u00bb width=\u00a0\u00bb90%\u00a0\u00bb max_width=\u00a0\u00bb2560px\u00a0\u00bb custom_padding=\u00a0\u00bb0px||0px|||\u00a0\u00bb global_colors_info=\u00a0\u00bb{}\u00a0\u00bb theme_builder_area=\u00a0\u00bbpost_content\u00a0\u00bb][et_pb_column type=\u00a0\u00bb4_4&Prime; _builder_version=\u00a0\u00bb4.27.4&Prime; _module_preset=\u00a0\u00bbdefault\u00a0\u00bb global_colors_info=\u00a0\u00bb{}\u00a0\u00bb theme_builder_area=\u00a0\u00bbpost_content\u00a0\u00bb][et_pb_text _builder_version=\u00a0\u00bb4.27.6&Prime; _module_preset=\u00a0\u00bbdefault\u00a0\u00bb text_font=\u00a0\u00bbPoppins||||||||\u00a0\u00bb header_font=\u00a0\u00bbPoppins||||||||\u00a0\u00bb header_text_align=\u00a0\u00bbcenter\u00a0\u00bb header_text_color=\u00a0\u00bb#161649&Prime; header_font_size=\u00a0\u00bb60px\u00a0\u00bb width=\u00a0\u00bb80%\u00a0\u00bb module_alignment=\u00a0\u00bbcenter\u00a0\u00bb animation_style=\u00a0\u00bbfade\u00a0\u00bb hover_enabled=\u00a0\u00bb0&Prime; header_font_size_tablet=\u00a0\u00bb42px\u00a0\u00bb header_font_size_phone=\u00a0\u00bb32px\u00a0\u00bb header_font_size_last_edited=\u00a0\u00bbon|phone\u00a0\u00bb global_colors_info=\u00a0\u00bb{}\u00a0\u00bb theme_builder_area=\u00a0\u00bbpost_content\u00a0\u00bb sticky_enabled=\u00a0\u00bb0&Prime;]<\/p>\n<h1>Merci pour votre message<br \/><\/h1>\n<p>[\/et_pb_text][et_pb_text _builder_version=\u00a0\u00bb4.27.6&Prime; _module_preset=\u00a0\u00bbdefault\u00a0\u00bb text_font=\u00a0\u00bbNoto Serif Display||||||||\u00a0\u00bb text_text_color=\u00a0\u00bb#000000&Prime; text_font_size=\u00a0\u00bb18px\u00a0\u00bb text_orientation=\u00a0\u00bbcenter\u00a0\u00bb width=\u00a0\u00bb60%\u00a0\u00bb width_tablet=\u00a0\u00bb95%\u00a0\u00bb width_phone=\u00a0\u00bb95%\u00a0\u00bb width_last_edited=\u00a0\u00bbon|tablet\u00a0\u00bb module_alignment=\u00a0\u00bbcenter\u00a0\u00bb animation_style=\u00a0\u00bbfade\u00a0\u00bb hover_enabled=\u00a0\u00bb0&Prime; global_colors_info=\u00a0\u00bb{}\u00a0\u00bb theme_builder_area=\u00a0\u00bbpost_content\u00a0\u00bb sticky_enabled=\u00a0\u00bb0&Prime;]Votre message a bien \u00e9t\u00e9 envoy\u00e9 \u00e0 l\u2019\u00e9quipe de Revolt Classics.<\/p>\n<p>Nous vous remercions d\u2019avoir pris le temps de nous contacter et nous examinerons votre demande dans les plus brefs d\u00e9lais. Un membre de notre \u00e9quipe vous recontactera prochainement. <\/p>\n<p>Si votre demande est urgente, n\u2019h\u00e9sitez pas \u00e0 nous contacter directement par e-mail ou par t\u00e9l\u00e9phone.<\/p>\n<p>En attendant, vous pouvez continuer \u00e0 d\u00e9couvrir notre collection et explorer l\u2019univers de Revolt Classics.<br \/>[\/et_pb_text][et_pb_text _builder_version=\u00a0\u00bb4.27.6&Prime; _module_preset=\u00a0\u00bbdefault\u00a0\u00bb text_font=\u00a0\u00bbPoppins||||||||\u00a0\u00bb text_text_color=\u00a0\u00bb#FFFFFF\u00a0\u00bb text_font_size=\u00a0\u00bb16px\u00a0\u00bb background_color=\u00a0\u00bb#161649&Prime; text_orientation=\u00a0\u00bbcenter\u00a0\u00bb width=\u00a0\u00bb30%\u00a0\u00bb module_alignment=\u00a0\u00bbcenter\u00a0\u00bb custom_padding=\u00a0\u00bb10px||10px||true|false\u00a0\u00bb hover_enabled=\u00a0\u00bb0&Prime; border_radii=\u00a0\u00bboff||180px||\u00a0\u00bb global_colors_info=\u00a0\u00bb{}\u00a0\u00bb background_color__hover=\u00a0\u00bb#03030a\u00a0\u00bb background__hover_enabled=\u00a0\u00bbon|desktop\u00a0\u00bb background_enable_color__hover=\u00a0\u00bbon\u00a0\u00bb theme_builder_area=\u00a0\u00bbpost_content\u00a0\u00bb link_option_url=\u00a0\u00bb@ET-DC@eyJkeW5hbWljIjp0cnVlLCJjb250ZW50IjoicG9zdF9saW5rX3VybF9wYWdlIiwic2V0dGluZ3MiOnsicG9zdF9pZCI6IjIiLCJlbmFibGVfaHRtbCI6Im9mZiJ9fQ==@\u00a0\u00bb _dynamic_attributes=\u00a0\u00bblink_option_url\u00a0\u00bb sticky_enabled=\u00a0\u00bb0&Prime;]Retour \u00e0 la page d\u2019accueil[\/et_pb_text][\/et_pb_column][\/et_pb_row][\/et_pb_section]<\/p>\n","protected":false},"excerpt":{"rendered":"<p>Merci pour votre messageVotre message a bien \u00e9t\u00e9 envoy\u00e9 \u00e0 l\u2019\u00e9quipe de Revolt Classics. Nous vous remercions d\u2019avoir pris le temps de nous contacter et nous examinerons votre demande dans les plus brefs d\u00e9lais. Un membre de notre \u00e9quipe vous recontactera prochainement. Si votre demande est urgente, n\u2019h\u00e9sitez pas \u00e0 nous contacter directement par e-mail [&hellip;]<\/p>\n","protected":false},"author":1,"featured_media":0,"parent":946,"menu_order":0,"comment_status":"closed","ping_status":"closed","template":"","meta":{"_et_pb_use_builder":"on","_et_pb_old_content":"","_et_gb_content_width":"","footnotes":""},"class_list":["post-1546","page","type-page","status-publish","hentry"],"yoast_head":"<!-- This site is optimized with the Yoast SEO plugin v27.4 - https:\/\/yoast.com\/product\/yoast-seo-wordpress\/ -->\n<title>Merci pour votre message - Revolt Classics<\/title>\n<meta name=\"robots\" content=\"index, follow, max-snippet:-1, max-image-preview:large, max-video-preview:-1\" \/>\n<link rel=\"canonical\" href=\"https:\/\/revoltclassics.com\/fr\/contact\/merci-pour-votre-message\/\" \/>\n<meta property=\"og:locale\" content=\"fr_FR\" \/>\n<meta property=\"og:type\" content=\"article\" \/>\n<meta property=\"og:title\" content=\"Merci pour votre message - Revolt Classics\" \/>\n<meta property=\"og:description\" content=\"Merci pour votre messageVotre message a bien \u00e9t\u00e9 envoy\u00e9 \u00e0 l\u2019\u00e9quipe de Revolt Classics. Nous vous remercions d\u2019avoir pris le temps de nous contacter et nous examinerons votre demande dans les plus brefs d\u00e9lais. Un membre de notre \u00e9quipe vous recontactera prochainement. Si votre demande est urgente, n\u2019h\u00e9sitez pas \u00e0 nous contacter directement par e-mail [&hellip;]\" \/>\n<meta property=\"og:url\" content=\"https:\/\/revoltclassics.com\/fr\/contact\/merci-pour-votre-message\/\" \/>\n<meta property=\"og:site_name\" content=\"Revolt Classics\" \/>\n<meta property=\"article:modified_time\" content=\"2026-03-11T09:49:13+00:00\" \/>\n<meta property=\"og:image\" content=\"https:\/\/revoltclassics.com\/wp-content\/uploads\/2025\/09\/porsche-reborn-911-street-1024x560.jpg\" \/>\n\t<meta property=\"og:image:width\" content=\"1024\" \/>\n\t<meta property=\"og:image:height\" content=\"560\" \/>\n\t<meta property=\"og:image:type\" content=\"image\/jpeg\" \/>\n<meta name=\"twitter:card\" content=\"summary_large_image\" \/>\n<meta name=\"twitter:label1\" content=\"Dur\u00e9e de lecture estim\u00e9e\" \/>\n\t<meta name=\"twitter:data1\" content=\"2 minutes\" \/>\n<script type=\"application\/ld+json\" class=\"yoast-schema-graph\">{\"@context\":\"https:\\\/\\\/schema.org\",\"@graph\":[{\"@type\":\"WebPage\",\"@id\":\"https:\\\/\\\/revoltclassics.com\\\/fr\\\/contact\\\/merci-pour-votre-message\\\/\",\"url\":\"https:\\\/\\\/revoltclassics.com\\\/fr\\\/contact\\\/merci-pour-votre-message\\\/\",\"name\":\"Merci pour votre message - Revolt Classics\",\"isPartOf\":{\"@id\":\"https:\\\/\\\/revoltclassics.com\\\/fr\\\/#website\"},\"datePublished\":\"2026-03-11T09:41:34+00:00\",\"dateModified\":\"2026-03-11T09:49:13+00:00\",\"breadcrumb\":{\"@id\":\"https:\\\/\\\/revoltclassics.com\\\/fr\\\/contact\\\/merci-pour-votre-message\\\/#breadcrumb\"},\"inLanguage\":\"fr-FR\",\"potentialAction\":[{\"@type\":\"ReadAction\",\"target\":[\"https:\\\/\\\/revoltclassics.com\\\/fr\\\/contact\\\/merci-pour-votre-message\\\/\"]}]},{\"@type\":\"BreadcrumbList\",\"@id\":\"https:\\\/\\\/revoltclassics.com\\\/fr\\\/contact\\\/merci-pour-votre-message\\\/#breadcrumb\",\"itemListElement\":[{\"@type\":\"ListItem\",\"position\":1,\"name\":\"Home\",\"item\":\"https:\\\/\\\/revoltclassics.com\\\/fr\\\/page-daccueil\\\/\"},{\"@type\":\"ListItem\",\"position\":2,\"name\":\"Contact\",\"item\":\"https:\\\/\\\/revoltclassics.com\\\/fr\\\/contact\\\/\"},{\"@type\":\"ListItem\",\"position\":3,\"name\":\"Merci pour votre message\"}]},{\"@type\":\"WebSite\",\"@id\":\"https:\\\/\\\/revoltclassics.com\\\/fr\\\/#website\",\"url\":\"https:\\\/\\\/revoltclassics.com\\\/fr\\\/\",\"name\":\"Revolt Classics\",\"description\":\"A new icon is born.\",\"publisher\":{\"@id\":\"https:\\\/\\\/revoltclassics.com\\\/fr\\\/#organization\"},\"potentialAction\":[{\"@type\":\"SearchAction\",\"target\":{\"@type\":\"EntryPoint\",\"urlTemplate\":\"https:\\\/\\\/revoltclassics.com\\\/fr\\\/?s={search_term_string}\"},\"query-input\":{\"@type\":\"PropertyValueSpecification\",\"valueRequired\":true,\"valueName\":\"search_term_string\"}}],\"inLanguage\":\"fr-FR\"},{\"@type\":\"Organization\",\"@id\":\"https:\\\/\\\/revoltclassics.com\\\/fr\\\/#organization\",\"name\":\"Revolt Classics\",\"url\":\"https:\\\/\\\/revoltclassics.com\\\/fr\\\/\",\"logo\":{\"@type\":\"ImageObject\",\"inLanguage\":\"fr-FR\",\"@id\":\"https:\\\/\\\/revoltclassics.com\\\/fr\\\/#\\\/schema\\\/logo\\\/image\\\/\",\"url\":\"https:\\\/\\\/revoltclassics.com\\\/wp-content\\\/uploads\\\/2025\\\/05\\\/REVOLT-logo-1.png\",\"contentUrl\":\"https:\\\/\\\/revoltclassics.com\\\/wp-content\\\/uploads\\\/2025\\\/05\\\/REVOLT-logo-1.png\",\"width\":615,\"height\":597,\"caption\":\"Revolt Classics\"},\"image\":{\"@id\":\"https:\\\/\\\/revoltclassics.com\\\/fr\\\/#\\\/schema\\\/logo\\\/image\\\/\"},\"sameAs\":[\"https:\\\/\\\/www.instagram.com\\\/revolt_classics\\\/\",\"https:\\\/\\\/www.linkedin.com\\\/company\\\/revolt-classics\"]}]}<\/script>\n<!-- \/ Yoast SEO plugin. -->","yoast_head_json":{"title":"Merci pour votre message - Revolt Classics","robots":{"index":"index","follow":"follow","max-snippet":"max-snippet:-1","max-image-preview":"max-image-preview:large","max-video-preview":"max-video-preview:-1"},"canonical":"https:\/\/revoltclassics.com\/fr\/contact\/merci-pour-votre-message\/","og_locale":"fr_FR","og_type":"article","og_title":"Merci pour votre message - Revolt Classics","og_description":"Merci pour votre messageVotre message a bien \u00e9t\u00e9 envoy\u00e9 \u00e0 l\u2019\u00e9quipe de Revolt Classics. Nous vous remercions d\u2019avoir pris le temps de nous contacter et nous examinerons votre demande dans les plus brefs d\u00e9lais. Un membre de notre \u00e9quipe vous recontactera prochainement. Si votre demande est urgente, n\u2019h\u00e9sitez pas \u00e0 nous contacter directement par e-mail [&hellip;]","og_url":"https:\/\/revoltclassics.com\/fr\/contact\/merci-pour-votre-message\/","og_site_name":"Revolt Classics","article_modified_time":"2026-03-11T09:49:13+00:00","og_image":[{"width":1024,"height":560,"url":"https:\/\/revoltclassics.com\/wp-content\/uploads\/2025\/09\/porsche-reborn-911-street-1024x560.jpg","type":"image\/jpeg"}],"twitter_card":"summary_large_image","twitter_misc":{"Dur\u00e9e de lecture estim\u00e9e":"2 minutes"},"schema":{"@context":"https:\/\/schema.org","@graph":[{"@type":"WebPage","@id":"https:\/\/revoltclassics.com\/fr\/contact\/merci-pour-votre-message\/","url":"https:\/\/revoltclassics.com\/fr\/contact\/merci-pour-votre-message\/","name":"Merci pour votre message - Revolt Classics","isPartOf":{"@id":"https:\/\/revoltclassics.com\/fr\/#website"},"datePublished":"2026-03-11T09:41:34+00:00","dateModified":"2026-03-11T09:49:13+00:00","breadcrumb":{"@id":"https:\/\/revoltclassics.com\/fr\/contact\/merci-pour-votre-message\/#breadcrumb"},"inLanguage":"fr-FR","potentialAction":[{"@type":"ReadAction","target":["https:\/\/revoltclassics.com\/fr\/contact\/merci-pour-votre-message\/"]}]},{"@type":"BreadcrumbList","@id":"https:\/\/revoltclassics.com\/fr\/contact\/merci-pour-votre-message\/#breadcrumb","itemListElement":[{"@type":"ListItem","position":1,"name":"Home","item":"https:\/\/revoltclassics.com\/fr\/page-daccueil\/"},{"@type":"ListItem","position":2,"name":"Contact","item":"https:\/\/revoltclassics.com\/fr\/contact\/"},{"@type":"ListItem","position":3,"name":"Merci pour votre message"}]},{"@type":"WebSite","@id":"https:\/\/revoltclassics.com\/fr\/#website","url":"https:\/\/revoltclassics.com\/fr\/","name":"Revolt Classics","description":"A new icon is born.","publisher":{"@id":"https:\/\/revoltclassics.com\/fr\/#organization"},"potentialAction":[{"@type":"SearchAction","target":{"@type":"EntryPoint","urlTemplate":"https:\/\/revoltclassics.com\/fr\/?s={search_term_string}"},"query-input":{"@type":"PropertyValueSpecification","valueRequired":true,"valueName":"search_term_string"}}],"inLanguage":"fr-FR"},{"@type":"Organization","@id":"https:\/\/revoltclassics.com\/fr\/#organization","name":"Revolt Classics","url":"https:\/\/revoltclassics.com\/fr\/","logo":{"@type":"ImageObject","inLanguage":"fr-FR","@id":"https:\/\/revoltclassics.com\/fr\/#\/schema\/logo\/image\/","url":"https:\/\/revoltclassics.com\/wp-content\/uploads\/2025\/05\/REVOLT-logo-1.png","contentUrl":"https:\/\/revoltclassics.com\/wp-content\/uploads\/2025\/05\/REVOLT-logo-1.png","width":615,"height":597,"caption":"Revolt Classics"},"image":{"@id":"https:\/\/revoltclassics.com\/fr\/#\/schema\/logo\/image\/"},"sameAs":["https:\/\/www.instagram.com\/revolt_classics\/","https:\/\/www.linkedin.com\/company\/revolt-classics"]}]}},"_links":{"self":[{"href":"https:\/\/revoltclassics.com\/fr\/wp-json\/wp\/v2\/pages\/1546","targetHints":{"allow":["GET"]}}],"collection":[{"href":"https:\/\/revoltclassics.com\/fr\/wp-json\/wp\/v2\/pages"}],"about":[{"href":"https:\/\/revoltclassics.com\/fr\/wp-json\/wp\/v2\/types\/page"}],"author":[{"embeddable":true,"href":"https:\/\/revoltclassics.com\/fr\/wp-json\/wp\/v2\/users\/1"}],"replies":[{"embeddable":true,"href":"https:\/\/revoltclassics.com\/fr\/wp-json\/wp\/v2\/comments?post=1546"}],"version-history":[{"count":2,"href":"https:\/\/revoltclassics.com\/fr\/wp-json\/wp\/v2\/pages\/1546\/revisions"}],"predecessor-version":[{"id":1548,"href":"https:\/\/revoltclassics.com\/fr\/wp-json\/wp\/v2\/pages\/1546\/revisions\/1548"}],"up":[{"embeddable":true,"href":"https:\/\/revoltclassics.com\/fr\/wp-json\/wp\/v2\/pages\/946"}],"wp:attachment":[{"href":"https:\/\/revoltclassics.com\/fr\/wp-json\/wp\/v2\/media?parent=1546"}],"curies":[{"name":"wp","href":"https:\/\/api.w.org\/{rel}","templated":true}]}}