{"id":1075,"date":"2025-10-01T10:39:12","date_gmt":"2025-10-01T10:39:12","guid":{"rendered":"https:\/\/revoltclassics.com\/politique-de-cookies\/"},"modified":"2026-02-17T09:30:38","modified_gmt":"2026-02-17T09:30:38","slug":"politique-de-cookies","status":"publish","type":"page","link":"https:\/\/revoltclassics.com\/fr\/politique-de-cookies\/","title":{"rendered":"Politique de cookies"},"content":{"rendered":"<p>[et_pb_section fb_built=\u00a0\u00bb1&Prime; _builder_version=\u00a0\u00bb4.27.4&Prime; _module_preset=\u00a0\u00bbdefault\u00a0\u00bb global_colors_info=\u00a0\u00bb{}\u00a0\u00bb][et_pb_row _builder_version=\u00a0\u00bb4.27.4&Prime; _module_preset=\u00a0\u00bbdefault\u00a0\u00bb custom_padding=\u00a0\u00bb0px||0px|||\u00a0\u00bb global_colors_info=\u00a0\u00bb{}\u00a0\u00bb][et_pb_column type=\u00a0\u00bb4_4&Prime; _builder_version=\u00a0\u00bb4.27.4&Prime; _module_preset=\u00a0\u00bbdefault\u00a0\u00bb global_colors_info=\u00a0\u00bb{}\u00a0\u00bb][et_pb_text _builder_version=\u00a0\u00bb4.27.4&Prime; _module_preset=\u00a0\u00bbdefault\u00a0\u00bb text_font=\u00a0\u00bbNoto Serif||||||||\u00a0\u00bb link_text_color=\u00a0\u00bb#2c2d41&Prime; header_2_font=\u00a0\u00bbPoppins||||||||\u00a0\u00bb global_colors_info=\u00a0\u00bb{}\u00a0\u00bb]<\/p>\n<div class=\"p-text__header\">\n<h2 id=\"p-title-7694\" class=\"p-text__title p-title\">Politique de cookies<\/h2>\n<\/div>\n<div class=\"p-text__content\">\n<div class=\"text text--p p-text p__text p-text__text clearfix\">\n<p class=\"p1\">\n<p class=\"p2\"><strong>Derni\u00e8re mise \u00e0 jour : 10 octobre 2024<\/strong><\/p>\n<p class=\"p2\">Cette politique de cookies explique comment PANCHO BV (op\u00e9rant sous le nom de Revolt Classics) utilise les cookies et des technologies similaires pour vous reconna\u00eetre lorsque vous visitez notre site. Elle d\u00e9crit ce que sont ces technologies, pourquoi nous les utilisons et comment vous pouvez g\u00e9rer vos pr\u00e9f\u00e9rences. <\/p>\n<p class=\"p2\">Veuillez prendre le temps de lire attentivement cet avis. Si vous avez des questions ou des commentaires, n&rsquo;h\u00e9sitez pas \u00e0 contacter nos bureaux \u00e0 l&rsquo;adresse info@revoltclassics.eu. <\/p>\n<p class=\"p1\">\n<p class=\"p3\"><strong>Que sont les cookies ?<\/strong><\/p>\n<p class=\"p2\">Les cookies sont de petits fichiers de donn\u00e9es plac\u00e9s sur votre ordinateur ou appareil mobile lorsque vous visitez un site web ou utilisez une application mobile. Ils sont largement utilis\u00e9s par les propri\u00e9taires de sites web ou d&rsquo;applications pour s&rsquo;assurer que leurs sites web ou applications fonctionnent correctement, op\u00e8rent plus efficacement et fournissent des informations de rapport. <\/p>\n<p class=\"p2\">Les cookies remplissent de nombreuses fonctions diff\u00e9rentes, telles que permettre une navigation efficace entre les pages, m\u00e9moriser vos pr\u00e9f\u00e9rences et g\u00e9n\u00e9ralement am\u00e9liorer l&rsquo;exp\u00e9rience utilisateur. Ils peuvent \u00e9galement rendre les publicit\u00e9s en ligne plus pertinentes pour vous et vos int\u00e9r\u00eats. <\/p>\n<p class=\"p2\">Les cookies d\u00e9finis par le propri\u00e9taire du site web (dans ce cas, Revolt Classics) sont appel\u00e9s \u00ab cookies propri\u00e9taires \u00bb. Les cookies d\u00e9finis par d&rsquo;autres parties sont appel\u00e9s \u00ab cookies tiers \u00bb. Ces cookies tiers permettent \u00e0 des fonctionnalit\u00e9s ou fonctions tierces d&rsquo;\u00eatre fournies sur ou via le site web (par exemple, publicit\u00e9, contenu interactif et analyses). Les parties qui d\u00e9finissent ces cookies tiers peuvent reconna\u00eetre votre ordinateur \u00e0 la fois lorsqu&rsquo;il visite le site web en question et lorsqu&rsquo;il visite certains autres sites web.   <\/p>\n<p class=\"p1\">\n<p class=\"p3\"><strong>Combien de temps les cookies sont-ils stock\u00e9s ?<\/strong><\/p>\n<p class=\"p2\">Les cookies peuvent rester sur votre ordinateur ou appareil mobile pendant des p\u00e9riodes variables. Certains cookies sont des \u00ab cookies de session \u00bb, ce qui signifie qu&rsquo;ils n&rsquo;existent que pendant que votre navigateur est ouvert et sont automatiquement supprim\u00e9s lorsque vous fermez votre navigateur. D&rsquo;autres cookies sont des \u00ab cookies persistants \u00bb, ce qui signifie qu&rsquo;ils restent apr\u00e8s la fermeture de votre navigateur et peuvent reconna\u00eetre votre ordinateur lorsque vous rouvrez votre navigateur. La dur\u00e9e des cookies utilis\u00e9s sur notre site web est d\u00e9taill\u00e9e dans le tableau ci-dessous.   <\/p>\n<p class=\"p1\">\n<p class=\"p3\"><strong>Pourquoi utilisons-nous des cookies ?<\/strong><\/p>\n<p class=\"p2\">Lorsque vous visitez notre(nos) site(s) web, nous pouvons placer les types de cookies suivants :<\/p>\n<p class=\"p2\"><strong>Types de cookies et comment les refuser<\/strong><\/p>\n<ol class=\"ol1\">\n<li class=\"li2\"><strong>Cookies strictement n\u00e9cessaires<\/strong><br \/>Ces cookies sont essentiels au fonctionnement du site web et ne peuvent pas \u00eatre d\u00e9sactiv\u00e9s. Ils sont d\u00e9finis en r\u00e9ponse \u00e0 des actions que vous effectuez, telles que la s\u00e9lection de la langue, de la devise, des sessions de connexion ou des pr\u00e9f\u00e9rences de confidentialit\u00e9. Vous pouvez configurer votre navigateur pour bloquer ces cookies, mais cela peut affecter la fonctionnalit\u00e9 de notre site.  <br \/><strong>Comment refuser :<\/strong><br \/>Comme ces cookies sont strictement n\u00e9cessaires, vous ne pouvez pas les d\u00e9sactiver. Cependant, vous pouvez les bloquer ou les supprimer en ajustant les param\u00e8tres de votre navigateur comme d\u00e9crit dans la section \u00ab Comment puis-je g\u00e9rer les cookies ? \u00bb ci-dessous. <\/li>\n<li class=\"li2\"><strong>Cookies fonctionnels<\/strong><br \/>Ces cookies permettent au site web de fournir des fonctionnalit\u00e9s et une personnalisation suppl\u00e9mentaires. Ils peuvent \u00eatre d\u00e9finis par nous ou par des fournisseurs de services tiers dont nous avons ajout\u00e9 les services \u00e0 nos pages. Si vous n&rsquo;autorisez pas ces cookies, certains services peuvent ne pas fonctionner correctement.  <br \/><strong>Comment refuser :<\/strong><br \/>Nous ne pla\u00e7ons ces cookies que si vous les acceptez explicitement lors de votre premi\u00e8re visite sur notre(nos) site(s) web via notre banni\u00e8re de pr\u00e9f\u00e9rences de cookies. Vous pouvez retirer votre consentement \u00e0 tout moment en rouvrant la banni\u00e8re de pr\u00e9f\u00e9rences de cookies disponible dans le pied de page du site web. <\/li>\n<li class=\"li2\"><strong>Cookies d&rsquo;analyse et de statistiques<\/strong><br \/>Ces cookies nous permettent de mesurer le trafic des visiteurs et les sources en collectant des informations dans des ensembles de donn\u00e9es. Ils nous aident \u00e0 comprendre quels produits et actions sont plus populaires que d&rsquo;autres. <br \/><strong>Comment refuser :<\/strong><br \/>Nous ne pla\u00e7ons ces cookies que si vous les acceptez explicitement lors de votre premi\u00e8re visite sur notre(nos) site(s) web via notre banni\u00e8re de pr\u00e9f\u00e9rences de cookies. Vous pouvez retirer votre consentement \u00e0 tout moment en rouvrant la banni\u00e8re de pr\u00e9f\u00e9rences de cookies disponible dans le pied de page du site web. <\/li>\n<\/ol>\n<ul class=\"ul1\"><\/ul>\n<p class=\"p2\"><strong>Cookies d&rsquo;analyse et de statistiques<\/strong><\/p>\n<ul class=\"ul1\">\n<li class=\"li2\"><strong>\u00c9diteur :<\/strong><span> <\/span>Google Analytics<\/li>\n<li class=\"li2\"><strong>Nom :<\/strong><span> <\/span>_ga<\/li>\n<li class=\"li2\"><strong>Fonction :<\/strong><span> <\/span>Google Analytics.<\/li>\n<li class=\"li2\"><strong>Dur\u00e9e :<\/strong><span> <\/span>390 jours<\/li>\n<li class=\"li2\"><strong>Nom :<\/strong><span> <\/span>ar_Debug<\/li>\n<li class=\"li2\"><strong>Fonction :<\/strong><span> <\/span>Google Analytics.<\/li>\n<li class=\"li2\"><strong>Dur\u00e9e :<\/strong><span> <\/span>6 mois<\/li>\n<\/ul>\n<p class=\"p1\">\n<p class=\"p3\"><strong>Qu&rsquo;en est-il des autres technologies de suivi, comme les balises web ?<\/strong><\/p>\n<p class=\"p2\">Les cookies ne sont pas le seul moyen de reconna\u00eetre ou de suivre les visiteurs. Nous pouvons utiliser d&rsquo;autres technologies similaires, telles que les balises web (\u00e9galement appel\u00e9es \u00ab pixels de suivi \u00bb ou \u00ab gifs transparents \u00bb). Ces petits fichiers graphiques contiennent un identifiant unique qui nous permet de reconna\u00eetre quand quelqu&rsquo;un a visit\u00e9 notre site web. Par exemple, ils nous permettent de surveiller les mod\u00e8les de trafic des utilisateurs d&rsquo;une page \u00e0 l&rsquo;autre, de communiquer avec les cookies ou de mesurer le succ\u00e8s des campagnes de marketing par e-mail. Beaucoup de ces technologies d\u00e9pendent des cookies pour fonctionner correctement, donc refuser les cookies peut alt\u00e9rer leur fonctionnement.    <\/p>\n<p class=\"p1\">\n<p class=\"p3\"><strong>Comment puis-je g\u00e9rer les cookies ?<\/strong><\/p>\n<p class=\"p2\">Vous avez le droit de d\u00e9cider d&rsquo;accepter ou de refuser des cookies sp\u00e9cifiques. Vous pouvez d\u00e9finir vos pr\u00e9f\u00e9rences de cookies via notre banni\u00e8re de pr\u00e9f\u00e9rences de cookies, disponible ici [ins\u00e9rer le lien]. <\/p>\n<p class=\"p2\">Alternativement, vous pouvez ajuster les param\u00e8tres de votre navigateur web pour accepter ou refuser les cookies. Veuillez noter que si vous choisissez de refuser les cookies, vous pouvez toujours utiliser notre(nos) site(s) web, mais l&rsquo;acc\u00e8s \u00e0 certaines fonctionnalit\u00e9s et zones peut \u00eatre limit\u00e9. Consultez le menu d&rsquo;aide de votre navigateur pour plus d&rsquo;informations.  <\/p>\n<p class=\"p2\">De plus, la plupart des r\u00e9seaux publicitaires vous permettent de refuser la publicit\u00e9 cibl\u00e9e. Pour plus d&rsquo;informations, visitez <span> <\/span><a href=\"http:\/\/www.aboutads.info\/choices\/\"><span class=\"s2\">http:\/\/www.aboutads.info\/choices\/<\/span><\/a><span> <\/span>ou<span> <\/span><a href=\"http:\/\/www.youronlinechoices.com\/\"><span class=\"s2\">http:\/\/www.youronlinechoices.com<\/span><\/a>.<\/p>\n<p class=\"p1\">\n<p class=\"p3\"><strong>Modifications de cette politique de cookies<\/strong><\/p>\n<p class=\"p2\">Nous pouvons mettre \u00e0 jour cette politique de cookies de temps en temps en r\u00e9ponse \u00e0 des d\u00e9veloppements juridiques, techniques ou commerciaux. Lorsque nous mettons \u00e0 jour notre politique de cookies, nous prendrons les mesures appropri\u00e9es pour vous informer, conform\u00e9ment \u00e0 l&rsquo;importance des changements. <\/p>\n<p class=\"p2\">Vous pouvez voir quand cette politique de cookies a \u00e9t\u00e9 mise \u00e0 jour pour la derni\u00e8re fois en v\u00e9rifiant la date de \u00ab Derni\u00e8re mise \u00e0 jour \u00bb en haut de ce document.<\/p>\n<\/div>\n<\/div>\n<p>[\/et_pb_text][\/et_pb_column][\/et_pb_row][\/et_pb_section]<\/p>\n","protected":false},"excerpt":{"rendered":"<p>Politique de cookies Derni\u00e8re mise \u00e0 jour : 10 octobre 2024 Cette politique de cookies explique comment PANCHO BV (op\u00e9rant sous le nom de Revolt Classics) utilise les cookies et des technologies similaires pour vous reconna\u00eetre lorsque vous visitez notre site. Elle d\u00e9crit ce que sont ces technologies, pourquoi nous les utilisons et comment vous [&hellip;]<\/p>\n","protected":false},"author":1,"featured_media":0,"parent":0,"menu_order":0,"comment_status":"closed","ping_status":"closed","template":"","meta":{"_et_pb_use_builder":"on","_et_pb_old_content":"","_et_gb_content_width":"","footnotes":""},"class_list":["post-1075","page","type-page","status-publish","hentry"],"yoast_head":"<!-- This site is optimized with the Yoast SEO plugin v27.3 - https:\/\/yoast.com\/product\/yoast-seo-wordpress\/ -->\n<title>Politique de cookies - Revolt Classics<\/title>\n<meta name=\"robots\" content=\"index, follow, max-snippet:-1, max-image-preview:large, max-video-preview:-1\" \/>\n<link rel=\"canonical\" href=\"https:\/\/revoltclassics.com\/fr\/politique-de-cookies\/\" \/>\n<meta property=\"og:locale\" content=\"fr_FR\" \/>\n<meta property=\"og:type\" content=\"article\" \/>\n<meta property=\"og:title\" content=\"Politique de cookies - Revolt Classics\" \/>\n<meta property=\"og:description\" content=\"Politique de cookies Derni\u00e8re mise \u00e0 jour : 10 octobre 2024 Cette politique de cookies explique comment PANCHO BV (op\u00e9rant sous le nom de Revolt Classics) utilise les cookies et des technologies similaires pour vous reconna\u00eetre lorsque vous visitez notre site. Elle d\u00e9crit ce que sont ces technologies, pourquoi nous les utilisons et comment vous [&hellip;]\" \/>\n<meta property=\"og:url\" content=\"https:\/\/revoltclassics.com\/fr\/politique-de-cookies\/\" \/>\n<meta property=\"og:site_name\" content=\"Revolt Classics\" \/>\n<meta property=\"article:modified_time\" content=\"2026-02-17T09:30:38+00:00\" \/>\n<meta property=\"og:image\" content=\"https:\/\/revoltclassics.com\/wp-content\/uploads\/2025\/09\/porsche-reborn-911-street-1024x560.jpg\" \/>\n\t<meta property=\"og:image:width\" content=\"1024\" \/>\n\t<meta property=\"og:image:height\" content=\"560\" \/>\n\t<meta property=\"og:image:type\" content=\"image\/jpeg\" \/>\n<meta name=\"twitter:card\" content=\"summary_large_image\" \/>\n<meta name=\"twitter:label1\" content=\"Dur\u00e9e de lecture estim\u00e9e\" \/>\n\t<meta name=\"twitter:data1\" content=\"6 minutes\" \/>\n<script type=\"application\/ld+json\" class=\"yoast-schema-graph\">{\"@context\":\"https:\\\/\\\/schema.org\",\"@graph\":[{\"@type\":\"WebPage\",\"@id\":\"https:\\\/\\\/revoltclassics.com\\\/fr\\\/politique-de-cookies\\\/\",\"url\":\"https:\\\/\\\/revoltclassics.com\\\/fr\\\/politique-de-cookies\\\/\",\"name\":\"Politique de cookies - Revolt Classics\",\"isPartOf\":{\"@id\":\"https:\\\/\\\/revoltclassics.com\\\/fr\\\/#website\"},\"datePublished\":\"2025-10-01T10:39:12+00:00\",\"dateModified\":\"2026-02-17T09:30:38+00:00\",\"breadcrumb\":{\"@id\":\"https:\\\/\\\/revoltclassics.com\\\/fr\\\/politique-de-cookies\\\/#breadcrumb\"},\"inLanguage\":\"fr-FR\",\"potentialAction\":[{\"@type\":\"ReadAction\",\"target\":[\"https:\\\/\\\/revoltclassics.com\\\/fr\\\/politique-de-cookies\\\/\"]}]},{\"@type\":\"BreadcrumbList\",\"@id\":\"https:\\\/\\\/revoltclassics.com\\\/fr\\\/politique-de-cookies\\\/#breadcrumb\",\"itemListElement\":[{\"@type\":\"ListItem\",\"position\":1,\"name\":\"Home\",\"item\":\"https:\\\/\\\/revoltclassics.com\\\/fr\\\/page-daccueil\\\/\"},{\"@type\":\"ListItem\",\"position\":2,\"name\":\"Politique de cookies\"}]},{\"@type\":\"WebSite\",\"@id\":\"https:\\\/\\\/revoltclassics.com\\\/fr\\\/#website\",\"url\":\"https:\\\/\\\/revoltclassics.com\\\/fr\\\/\",\"name\":\"Revolt Classics\",\"description\":\"A new icon is born.\",\"publisher\":{\"@id\":\"https:\\\/\\\/revoltclassics.com\\\/fr\\\/#organization\"},\"potentialAction\":[{\"@type\":\"SearchAction\",\"target\":{\"@type\":\"EntryPoint\",\"urlTemplate\":\"https:\\\/\\\/revoltclassics.com\\\/fr\\\/?s={search_term_string}\"},\"query-input\":{\"@type\":\"PropertyValueSpecification\",\"valueRequired\":true,\"valueName\":\"search_term_string\"}}],\"inLanguage\":\"fr-FR\"},{\"@type\":\"Organization\",\"@id\":\"https:\\\/\\\/revoltclassics.com\\\/fr\\\/#organization\",\"name\":\"Revolt Classics\",\"url\":\"https:\\\/\\\/revoltclassics.com\\\/fr\\\/\",\"logo\":{\"@type\":\"ImageObject\",\"inLanguage\":\"fr-FR\",\"@id\":\"https:\\\/\\\/revoltclassics.com\\\/fr\\\/#\\\/schema\\\/logo\\\/image\\\/\",\"url\":\"https:\\\/\\\/revoltclassics.com\\\/wp-content\\\/uploads\\\/2025\\\/05\\\/REVOLT-logo-1.png\",\"contentUrl\":\"https:\\\/\\\/revoltclassics.com\\\/wp-content\\\/uploads\\\/2025\\\/05\\\/REVOLT-logo-1.png\",\"width\":615,\"height\":597,\"caption\":\"Revolt Classics\"},\"image\":{\"@id\":\"https:\\\/\\\/revoltclassics.com\\\/fr\\\/#\\\/schema\\\/logo\\\/image\\\/\"},\"sameAs\":[\"https:\\\/\\\/www.instagram.com\\\/revolt_classics\\\/\",\"https:\\\/\\\/www.linkedin.com\\\/company\\\/revolt-classics\"]}]}<\/script>\n<!-- \/ Yoast SEO plugin. -->","yoast_head_json":{"title":"Politique de cookies - Revolt Classics","robots":{"index":"index","follow":"follow","max-snippet":"max-snippet:-1","max-image-preview":"max-image-preview:large","max-video-preview":"max-video-preview:-1"},"canonical":"https:\/\/revoltclassics.com\/fr\/politique-de-cookies\/","og_locale":"fr_FR","og_type":"article","og_title":"Politique de cookies - Revolt Classics","og_description":"Politique de cookies Derni\u00e8re mise \u00e0 jour : 10 octobre 2024 Cette politique de cookies explique comment PANCHO BV (op\u00e9rant sous le nom de Revolt Classics) utilise les cookies et des technologies similaires pour vous reconna\u00eetre lorsque vous visitez notre site. Elle d\u00e9crit ce que sont ces technologies, pourquoi nous les utilisons et comment vous [&hellip;]","og_url":"https:\/\/revoltclassics.com\/fr\/politique-de-cookies\/","og_site_name":"Revolt Classics","article_modified_time":"2026-02-17T09:30:38+00:00","og_image":[{"width":1024,"height":560,"url":"https:\/\/revoltclassics.com\/wp-content\/uploads\/2025\/09\/porsche-reborn-911-street-1024x560.jpg","type":"image\/jpeg"}],"twitter_card":"summary_large_image","twitter_misc":{"Dur\u00e9e de lecture estim\u00e9e":"6 minutes"},"schema":{"@context":"https:\/\/schema.org","@graph":[{"@type":"WebPage","@id":"https:\/\/revoltclassics.com\/fr\/politique-de-cookies\/","url":"https:\/\/revoltclassics.com\/fr\/politique-de-cookies\/","name":"Politique de cookies - Revolt Classics","isPartOf":{"@id":"https:\/\/revoltclassics.com\/fr\/#website"},"datePublished":"2025-10-01T10:39:12+00:00","dateModified":"2026-02-17T09:30:38+00:00","breadcrumb":{"@id":"https:\/\/revoltclassics.com\/fr\/politique-de-cookies\/#breadcrumb"},"inLanguage":"fr-FR","potentialAction":[{"@type":"ReadAction","target":["https:\/\/revoltclassics.com\/fr\/politique-de-cookies\/"]}]},{"@type":"BreadcrumbList","@id":"https:\/\/revoltclassics.com\/fr\/politique-de-cookies\/#breadcrumb","itemListElement":[{"@type":"ListItem","position":1,"name":"Home","item":"https:\/\/revoltclassics.com\/fr\/page-daccueil\/"},{"@type":"ListItem","position":2,"name":"Politique de cookies"}]},{"@type":"WebSite","@id":"https:\/\/revoltclassics.com\/fr\/#website","url":"https:\/\/revoltclassics.com\/fr\/","name":"Revolt Classics","description":"A new icon is born.","publisher":{"@id":"https:\/\/revoltclassics.com\/fr\/#organization"},"potentialAction":[{"@type":"SearchAction","target":{"@type":"EntryPoint","urlTemplate":"https:\/\/revoltclassics.com\/fr\/?s={search_term_string}"},"query-input":{"@type":"PropertyValueSpecification","valueRequired":true,"valueName":"search_term_string"}}],"inLanguage":"fr-FR"},{"@type":"Organization","@id":"https:\/\/revoltclassics.com\/fr\/#organization","name":"Revolt Classics","url":"https:\/\/revoltclassics.com\/fr\/","logo":{"@type":"ImageObject","inLanguage":"fr-FR","@id":"https:\/\/revoltclassics.com\/fr\/#\/schema\/logo\/image\/","url":"https:\/\/revoltclassics.com\/wp-content\/uploads\/2025\/05\/REVOLT-logo-1.png","contentUrl":"https:\/\/revoltclassics.com\/wp-content\/uploads\/2025\/05\/REVOLT-logo-1.png","width":615,"height":597,"caption":"Revolt Classics"},"image":{"@id":"https:\/\/revoltclassics.com\/fr\/#\/schema\/logo\/image\/"},"sameAs":["https:\/\/www.instagram.com\/revolt_classics\/","https:\/\/www.linkedin.com\/company\/revolt-classics"]}]}},"_links":{"self":[{"href":"https:\/\/revoltclassics.com\/fr\/wp-json\/wp\/v2\/pages\/1075","targetHints":{"allow":["GET"]}}],"collection":[{"href":"https:\/\/revoltclassics.com\/fr\/wp-json\/wp\/v2\/pages"}],"about":[{"href":"https:\/\/revoltclassics.com\/fr\/wp-json\/wp\/v2\/types\/page"}],"author":[{"embeddable":true,"href":"https:\/\/revoltclassics.com\/fr\/wp-json\/wp\/v2\/users\/1"}],"replies":[{"embeddable":true,"href":"https:\/\/revoltclassics.com\/fr\/wp-json\/wp\/v2\/comments?post=1075"}],"version-history":[{"count":7,"href":"https:\/\/revoltclassics.com\/fr\/wp-json\/wp\/v2\/pages\/1075\/revisions"}],"predecessor-version":[{"id":1469,"href":"https:\/\/revoltclassics.com\/fr\/wp-json\/wp\/v2\/pages\/1075\/revisions\/1469"}],"wp:attachment":[{"href":"https:\/\/revoltclassics.com\/fr\/wp-json\/wp\/v2\/media?parent=1075"}],"curies":[{"name":"wp","href":"https:\/\/api.w.org\/{rel}","templated":true}]}}